{"id":653,"date":"2018-09-03T15:16:47","date_gmt":"2018-09-03T14:16:47","guid":{"rendered":"https:\/\/network.xbee.com\/sverige\/beta\/?page_id=653"},"modified":"2023-06-10T21:35:39","modified_gmt":"2023-06-10T20:35:39","slug":"besparingar-forbrukning","status":"publish","type":"page","link":"https:\/\/network.xbee.com\/se\/xbee-fordelar\/besparingar-forbrukning\/","title":{"rendered":"Besparingar &#038; f\u00f6rbrukning"},"content":{"rendered":"","protected":false},"excerpt":{"rendered":"","protected":false},"author":37,"featured_media":221,"parent":658,"menu_order":0,"comment_status":"closed","ping_status":"closed","template":"","meta":{"footnotes":""},"class_list":["post-653","page","type-page","status-publish","has-post-thumbnail","hentry"],"yoast_head":"<!-- This site is optimized with the Yoast SEO plugin v27.3 - https:\/\/yoast.com\/product\/yoast-seo-wordpress\/ -->\n<title>Besparingar &amp; f\u00f6rbrukning - XBEE Sverige<\/title>\n<meta name=\"robots\" content=\"index, follow, max-snippet:-1, max-image-preview:large, max-video-preview:-1\" \/>\n<link rel=\"canonical\" href=\"https:\/\/network.xbee.com\/se\/xbee-fordelar\/besparingar-forbrukning\/\" \/>\n<meta property=\"og:locale\" content=\"en_US\" \/>\n<meta property=\"og:type\" content=\"article\" \/>\n<meta property=\"og:title\" content=\"Besparingar &amp; f\u00f6rbrukning - XBEE Sverige\" \/>\n<meta property=\"og:url\" content=\"https:\/\/network.xbee.com\/se\/xbee-fordelar\/besparingar-forbrukning\/\" \/>\n<meta property=\"og:site_name\" content=\"XBEE Sverige\" \/>\n<meta property=\"article:publisher\" content=\"https:\/\/www.facebook.com\/XbeeEnzymeFuelTechnology\/\" \/>\n<meta property=\"article:modified_time\" content=\"2023-06-10T20:35:39+00:00\" \/>\n<meta property=\"og:image\" content=\"https:\/\/network.xbee.com\/se\/wp-content\/uploads\/sites\/26\/2017\/09\/cylinder-heads-mtu-diesel-1.jpg\" \/>\n\t<meta property=\"og:image:width\" content=\"640\" \/>\n\t<meta property=\"og:image:height\" content=\"329\" \/>\n\t<meta property=\"og:image:type\" content=\"image\/jpeg\" \/>\n<meta name=\"twitter:card\" content=\"summary_large_image\" \/>\n<script type=\"application\/ld+json\" class=\"yoast-schema-graph\">{\"@context\":\"https:\\\/\\\/schema.org\",\"@graph\":[{\"@type\":\"WebPage\",\"@id\":\"https:\\\/\\\/network.xbee.com\\\/se\\\/xbee-fordelar\\\/besparingar-forbrukning\\\/\",\"url\":\"https:\\\/\\\/network.xbee.com\\\/se\\\/xbee-fordelar\\\/besparingar-forbrukning\\\/\",\"name\":\"Besparingar & f\u00f6rbrukning - XBEE Sverige\",\"isPartOf\":{\"@id\":\"https:\\\/\\\/network.xbee.com\\\/se\\\/#website\"},\"primaryImageOfPage\":{\"@id\":\"https:\\\/\\\/network.xbee.com\\\/se\\\/xbee-fordelar\\\/besparingar-forbrukning\\\/#primaryimage\"},\"image\":{\"@id\":\"https:\\\/\\\/network.xbee.com\\\/se\\\/xbee-fordelar\\\/besparingar-forbrukning\\\/#primaryimage\"},\"thumbnailUrl\":\"https:\\\/\\\/network.xbee.com\\\/se\\\/wp-content\\\/uploads\\\/sites\\\/26\\\/2017\\\/09\\\/cylinder-heads-mtu-diesel-1.jpg\",\"datePublished\":\"2018-09-03T14:16:47+00:00\",\"dateModified\":\"2023-06-10T20:35:39+00:00\",\"breadcrumb\":{\"@id\":\"https:\\\/\\\/network.xbee.com\\\/se\\\/xbee-fordelar\\\/besparingar-forbrukning\\\/#breadcrumb\"},\"inLanguage\":\"en-US\",\"potentialAction\":[{\"@type\":\"ReadAction\",\"target\":[\"https:\\\/\\\/network.xbee.com\\\/se\\\/xbee-fordelar\\\/besparingar-forbrukning\\\/\"]}]},{\"@type\":\"ImageObject\",\"inLanguage\":\"en-US\",\"@id\":\"https:\\\/\\\/network.xbee.com\\\/se\\\/xbee-fordelar\\\/besparingar-forbrukning\\\/#primaryimage\",\"url\":\"https:\\\/\\\/network.xbee.com\\\/se\\\/wp-content\\\/uploads\\\/sites\\\/26\\\/2017\\\/09\\\/cylinder-heads-mtu-diesel-1.jpg\",\"contentUrl\":\"https:\\\/\\\/network.xbee.com\\\/se\\\/wp-content\\\/uploads\\\/sites\\\/26\\\/2017\\\/09\\\/cylinder-heads-mtu-diesel-1.jpg\",\"width\":640,\"height\":329,\"caption\":\"OLYMPUS DIGITAL CAMERA\"},{\"@type\":\"BreadcrumbList\",\"@id\":\"https:\\\/\\\/network.xbee.com\\\/se\\\/xbee-fordelar\\\/besparingar-forbrukning\\\/#breadcrumb\",\"itemListElement\":[{\"@type\":\"ListItem\",\"position\":1,\"name\":\"Home\",\"item\":\"https:\\\/\\\/network.xbee.com\\\/se\\\/\"},{\"@type\":\"ListItem\",\"position\":2,\"name\":\"XBEE F\u00f6rdelar\",\"item\":\"https:\\\/\\\/network.xbee.com\\\/se\\\/xbee-fordelar\\\/\"},{\"@type\":\"ListItem\",\"position\":3,\"name\":\"Besparingar &#038; f\u00f6rbrukning\"}]},{\"@type\":\"WebSite\",\"@id\":\"https:\\\/\\\/network.xbee.com\\\/se\\\/#website\",\"url\":\"https:\\\/\\\/network.xbee.com\\\/se\\\/\",\"name\":\"XBEE Sverige\",\"description\":\"XBEE \u00e4r enzymbr\u00e4nsletekniken f\u00f6r att minska f\u00f6roreningar och br\u00e4nslef\u00f6rbrukning\",\"publisher\":{\"@id\":\"https:\\\/\\\/network.xbee.com\\\/se\\\/#organization\"},\"potentialAction\":[{\"@type\":\"SearchAction\",\"target\":{\"@type\":\"EntryPoint\",\"urlTemplate\":\"https:\\\/\\\/network.xbee.com\\\/se\\\/?s={search_term_string}\"},\"query-input\":{\"@type\":\"PropertyValueSpecification\",\"valueRequired\":true,\"valueName\":\"search_term_string\"}}],\"inLanguage\":\"en-US\"},{\"@type\":\"Organization\",\"@id\":\"https:\\\/\\\/network.xbee.com\\\/se\\\/#organization\",\"name\":\"XBEE Enzyme Fuel Technology\",\"url\":\"https:\\\/\\\/network.xbee.com\\\/se\\\/\",\"logo\":{\"@type\":\"ImageObject\",\"inLanguage\":\"en-US\",\"@id\":\"https:\\\/\\\/network.xbee.com\\\/se\\\/#\\\/schema\\\/logo\\\/image\\\/\",\"url\":\"https:\\\/\\\/network.xbee.com\\\/sverige\\\/wp-content\\\/uploads\\\/sites\\\/26\\\/2018\\\/11\\\/xbee-eft-logo-500x230-1.png\",\"contentUrl\":\"https:\\\/\\\/network.xbee.com\\\/sverige\\\/wp-content\\\/uploads\\\/sites\\\/26\\\/2018\\\/11\\\/xbee-eft-logo-500x230-1.png\",\"width\":499,\"height\":229,\"caption\":\"XBEE Enzyme Fuel Technology\"},\"image\":{\"@id\":\"https:\\\/\\\/network.xbee.com\\\/se\\\/#\\\/schema\\\/logo\\\/image\\\/\"},\"sameAs\":[\"https:\\\/\\\/www.facebook.com\\\/XbeeEnzymeFuelTechnology\\\/\",\"https:\\\/\\\/www.linkedin.com\\\/in\\\/xbee-sa\\\/detail\\\/recent-activity\\\/\",\"https:\\\/\\\/www.youtube.com\\\/channel\\\/UC3wULxm57jiKQ7PMVY016dA\"]}]}<\/script>\n<!-- \/ Yoast SEO plugin. -->","yoast_head_json":{"title":"Besparingar & f\u00f6rbrukning - XBEE Sverige","robots":{"index":"index","follow":"follow","max-snippet":"max-snippet:-1","max-image-preview":"max-image-preview:large","max-video-preview":"max-video-preview:-1"},"canonical":"https:\/\/network.xbee.com\/se\/xbee-fordelar\/besparingar-forbrukning\/","og_locale":"en_US","og_type":"article","og_title":"Besparingar & f\u00f6rbrukning - XBEE Sverige","og_url":"https:\/\/network.xbee.com\/se\/xbee-fordelar\/besparingar-forbrukning\/","og_site_name":"XBEE Sverige","article_publisher":"https:\/\/www.facebook.com\/XbeeEnzymeFuelTechnology\/","article_modified_time":"2023-06-10T20:35:39+00:00","og_image":[{"width":640,"height":329,"url":"https:\/\/network.xbee.com\/se\/wp-content\/uploads\/sites\/26\/2017\/09\/cylinder-heads-mtu-diesel-1.jpg","type":"image\/jpeg"}],"twitter_card":"summary_large_image","schema":{"@context":"https:\/\/schema.org","@graph":[{"@type":"WebPage","@id":"https:\/\/network.xbee.com\/se\/xbee-fordelar\/besparingar-forbrukning\/","url":"https:\/\/network.xbee.com\/se\/xbee-fordelar\/besparingar-forbrukning\/","name":"Besparingar & f\u00f6rbrukning - XBEE Sverige","isPartOf":{"@id":"https:\/\/network.xbee.com\/se\/#website"},"primaryImageOfPage":{"@id":"https:\/\/network.xbee.com\/se\/xbee-fordelar\/besparingar-forbrukning\/#primaryimage"},"image":{"@id":"https:\/\/network.xbee.com\/se\/xbee-fordelar\/besparingar-forbrukning\/#primaryimage"},"thumbnailUrl":"https:\/\/network.xbee.com\/se\/wp-content\/uploads\/sites\/26\/2017\/09\/cylinder-heads-mtu-diesel-1.jpg","datePublished":"2018-09-03T14:16:47+00:00","dateModified":"2023-06-10T20:35:39+00:00","breadcrumb":{"@id":"https:\/\/network.xbee.com\/se\/xbee-fordelar\/besparingar-forbrukning\/#breadcrumb"},"inLanguage":"en-US","potentialAction":[{"@type":"ReadAction","target":["https:\/\/network.xbee.com\/se\/xbee-fordelar\/besparingar-forbrukning\/"]}]},{"@type":"ImageObject","inLanguage":"en-US","@id":"https:\/\/network.xbee.com\/se\/xbee-fordelar\/besparingar-forbrukning\/#primaryimage","url":"https:\/\/network.xbee.com\/se\/wp-content\/uploads\/sites\/26\/2017\/09\/cylinder-heads-mtu-diesel-1.jpg","contentUrl":"https:\/\/network.xbee.com\/se\/wp-content\/uploads\/sites\/26\/2017\/09\/cylinder-heads-mtu-diesel-1.jpg","width":640,"height":329,"caption":"OLYMPUS DIGITAL CAMERA"},{"@type":"BreadcrumbList","@id":"https:\/\/network.xbee.com\/se\/xbee-fordelar\/besparingar-forbrukning\/#breadcrumb","itemListElement":[{"@type":"ListItem","position":1,"name":"Home","item":"https:\/\/network.xbee.com\/se\/"},{"@type":"ListItem","position":2,"name":"XBEE F\u00f6rdelar","item":"https:\/\/network.xbee.com\/se\/xbee-fordelar\/"},{"@type":"ListItem","position":3,"name":"Besparingar &#038; f\u00f6rbrukning"}]},{"@type":"WebSite","@id":"https:\/\/network.xbee.com\/se\/#website","url":"https:\/\/network.xbee.com\/se\/","name":"XBEE Sverige","description":"XBEE \u00e4r enzymbr\u00e4nsletekniken f\u00f6r att minska f\u00f6roreningar och br\u00e4nslef\u00f6rbrukning","publisher":{"@id":"https:\/\/network.xbee.com\/se\/#organization"},"potentialAction":[{"@type":"SearchAction","target":{"@type":"EntryPoint","urlTemplate":"https:\/\/network.xbee.com\/se\/?s={search_term_string}"},"query-input":{"@type":"PropertyValueSpecification","valueRequired":true,"valueName":"search_term_string"}}],"inLanguage":"en-US"},{"@type":"Organization","@id":"https:\/\/network.xbee.com\/se\/#organization","name":"XBEE Enzyme Fuel Technology","url":"https:\/\/network.xbee.com\/se\/","logo":{"@type":"ImageObject","inLanguage":"en-US","@id":"https:\/\/network.xbee.com\/se\/#\/schema\/logo\/image\/","url":"https:\/\/network.xbee.com\/sverige\/wp-content\/uploads\/sites\/26\/2018\/11\/xbee-eft-logo-500x230-1.png","contentUrl":"https:\/\/network.xbee.com\/sverige\/wp-content\/uploads\/sites\/26\/2018\/11\/xbee-eft-logo-500x230-1.png","width":499,"height":229,"caption":"XBEE Enzyme Fuel Technology"},"image":{"@id":"https:\/\/network.xbee.com\/se\/#\/schema\/logo\/image\/"},"sameAs":["https:\/\/www.facebook.com\/XbeeEnzymeFuelTechnology\/","https:\/\/www.linkedin.com\/in\/xbee-sa\/detail\/recent-activity\/","https:\/\/www.youtube.com\/channel\/UC3wULxm57jiKQ7PMVY016dA"]}]}},"_links":{"self":[{"href":"https:\/\/network.xbee.com\/se\/wp-json\/wp\/v2\/pages\/653","targetHints":{"allow":["GET"]}}],"collection":[{"href":"https:\/\/network.xbee.com\/se\/wp-json\/wp\/v2\/pages"}],"about":[{"href":"https:\/\/network.xbee.com\/se\/wp-json\/wp\/v2\/types\/page"}],"author":[{"embeddable":true,"href":"https:\/\/network.xbee.com\/se\/wp-json\/wp\/v2\/users\/37"}],"replies":[{"embeddable":true,"href":"https:\/\/network.xbee.com\/se\/wp-json\/wp\/v2\/comments?post=653"}],"version-history":[{"count":3,"href":"https:\/\/network.xbee.com\/se\/wp-json\/wp\/v2\/pages\/653\/revisions"}],"predecessor-version":[{"id":3744,"href":"https:\/\/network.xbee.com\/se\/wp-json\/wp\/v2\/pages\/653\/revisions\/3744"}],"up":[{"embeddable":true,"href":"https:\/\/network.xbee.com\/se\/wp-json\/wp\/v2\/pages\/658"}],"wp:featuredmedia":[{"embeddable":true,"href":"https:\/\/network.xbee.com\/se\/wp-json\/wp\/v2\/media\/221"}],"wp:attachment":[{"href":"https:\/\/network.xbee.com\/se\/wp-json\/wp\/v2\/media?parent=653"}],"curies":[{"name":"wp","href":"https:\/\/api.w.org\/{rel}","templated":true}]}}