{"id":678,"date":"2018-09-03T16:25:15","date_gmt":"2018-09-03T15:25:15","guid":{"rendered":"https:\/\/network.xbee.com\/ptpana\/beta\/?page_id=678"},"modified":"2023-06-10T21:11:11","modified_gmt":"2023-06-10T19:11:11","slug":"garantias-combustivel","status":"publish","type":"page","link":"https:\/\/network.xbee.com\/pt\/certificados-seguranca\/garantias-combustivel\/","title":{"rendered":"Aditivo para combust\u00edveis XBEE &#8211; Padr\u00f5es de combust\u00edvel"},"content":{"rendered":"","protected":false},"excerpt":{"rendered":"","protected":false},"author":37,"featured_media":4979,"parent":672,"menu_order":0,"comment_status":"closed","ping_status":"closed","template":"","meta":{"footnotes":""},"class_list":["post-678","page","type-page","status-publish","has-post-thumbnail","hentry"],"yoast_head":"<!-- This site is optimized with the Yoast SEO plugin v27.3 - https:\/\/yoast.com\/product\/yoast-seo-wordpress\/ -->\n<title>Aditivo de combust\u00edvel XBEE - Normas europeias que o aprovam<\/title>\n<meta name=\"description\" content=\"O aditivo de combust\u00edvel XBEE \u00e9 aceito por todas as petrol\u00edferas e est\u00e1 de acordo com todas as normas europeias que regulam os combust\u00edveis\" \/>\n<meta name=\"robots\" content=\"index, follow, max-snippet:-1, max-image-preview:large, max-video-preview:-1\" \/>\n<link rel=\"canonical\" href=\"https:\/\/network.xbee.com\/pt\/certificados-seguranca\/garantias-combustivel\/\" \/>\n<meta property=\"og:locale\" content=\"pt_PT\" \/>\n<meta property=\"og:type\" content=\"article\" \/>\n<meta property=\"og:title\" content=\"Aditivo de combust\u00edvel XBEE - Normas europeias que o aprovam\" \/>\n<meta property=\"og:description\" content=\"O aditivo de combust\u00edvel XBEE \u00e9 aceito por todas as petrol\u00edferas e est\u00e1 de acordo com todas as normas europeias que regulam os combust\u00edveis\" \/>\n<meta property=\"og:url\" content=\"https:\/\/network.xbee.com\/pt\/certificados-seguranca\/garantias-combustivel\/\" \/>\n<meta property=\"og:site_name\" content=\"XBEE Portugu\u00eas\" \/>\n<meta property=\"article:publisher\" content=\"https:\/\/www.facebook.com\/XbeeEnzymeFuelTechnology\/\" \/>\n<meta property=\"article:modified_time\" content=\"2023-06-10T19:11:11+00:00\" \/>\n<meta property=\"og:image\" content=\"https:\/\/network.xbee.com\/pt\/wp-content\/uploads\/sites\/39\/2021\/05\/aditivo-de-combustible-xbee-normas-de-carburantes.jpg\" \/>\n\t<meta property=\"og:image:width\" content=\"400\" \/>\n\t<meta property=\"og:image:height\" content=\"206\" \/>\n\t<meta property=\"og:image:type\" content=\"image\/jpeg\" \/>\n<meta name=\"twitter:card\" content=\"summary_large_image\" \/>\n<script type=\"application\/ld+json\" class=\"yoast-schema-graph\">{\"@context\":\"https:\\\/\\\/schema.org\",\"@graph\":[{\"@type\":\"WebPage\",\"@id\":\"https:\\\/\\\/network.xbee.com\\\/pt\\\/certificados-seguranca\\\/garantias-combustivel\\\/\",\"url\":\"https:\\\/\\\/network.xbee.com\\\/pt\\\/certificados-seguranca\\\/garantias-combustivel\\\/\",\"name\":\"Aditivo de combust\u00edvel XBEE - Normas europeias que o aprovam\",\"isPartOf\":{\"@id\":\"https:\\\/\\\/network.xbee.com\\\/pt\\\/#website\"},\"primaryImageOfPage\":{\"@id\":\"https:\\\/\\\/network.xbee.com\\\/pt\\\/certificados-seguranca\\\/garantias-combustivel\\\/#primaryimage\"},\"image\":{\"@id\":\"https:\\\/\\\/network.xbee.com\\\/pt\\\/certificados-seguranca\\\/garantias-combustivel\\\/#primaryimage\"},\"thumbnailUrl\":\"https:\\\/\\\/network.xbee.com\\\/pt\\\/wp-content\\\/uploads\\\/sites\\\/39\\\/2021\\\/05\\\/aditivo-de-combustible-xbee-normas-de-carburantes.jpg\",\"datePublished\":\"2018-09-03T15:25:15+00:00\",\"dateModified\":\"2023-06-10T19:11:11+00:00\",\"description\":\"O aditivo de combust\u00edvel XBEE \u00e9 aceito por todas as petrol\u00edferas e est\u00e1 de acordo com todas as normas europeias que regulam os combust\u00edveis\",\"breadcrumb\":{\"@id\":\"https:\\\/\\\/network.xbee.com\\\/pt\\\/certificados-seguranca\\\/garantias-combustivel\\\/#breadcrumb\"},\"inLanguage\":\"pt-PT\",\"potentialAction\":[{\"@type\":\"ReadAction\",\"target\":[\"https:\\\/\\\/network.xbee.com\\\/pt\\\/certificados-seguranca\\\/garantias-combustivel\\\/\"]}]},{\"@type\":\"ImageObject\",\"inLanguage\":\"pt-PT\",\"@id\":\"https:\\\/\\\/network.xbee.com\\\/pt\\\/certificados-seguranca\\\/garantias-combustivel\\\/#primaryimage\",\"url\":\"https:\\\/\\\/network.xbee.com\\\/pt\\\/wp-content\\\/uploads\\\/sites\\\/39\\\/2021\\\/05\\\/aditivo-de-combustible-xbee-normas-de-carburantes.jpg\",\"contentUrl\":\"https:\\\/\\\/network.xbee.com\\\/pt\\\/wp-content\\\/uploads\\\/sites\\\/39\\\/2021\\\/05\\\/aditivo-de-combustible-xbee-normas-de-carburantes.jpg\",\"width\":400,\"height\":206,\"caption\":\"Aditivo de combustible XBEE - Normas de carburantes\"},{\"@type\":\"BreadcrumbList\",\"@id\":\"https:\\\/\\\/network.xbee.com\\\/pt\\\/certificados-seguranca\\\/garantias-combustivel\\\/#breadcrumb\",\"itemListElement\":[{\"@type\":\"ListItem\",\"position\":1,\"name\":\"Inicio\",\"item\":\"https:\\\/\\\/network.xbee.com\\\/pt\\\/\"},{\"@type\":\"ListItem\",\"position\":2,\"name\":\"Garantias do aditivos para motores a gas\u00f3leo XBEE\",\"item\":\"https:\\\/\\\/network.xbee.com\\\/pt\\\/certificados-seguranca\\\/\"},{\"@type\":\"ListItem\",\"position\":3,\"name\":\"Aditivo para combust\u00edveis XBEE &#8211; Padr\u00f5es de combust\u00edvel\"}]},{\"@type\":\"WebSite\",\"@id\":\"https:\\\/\\\/network.xbee.com\\\/pt\\\/#website\",\"url\":\"https:\\\/\\\/network.xbee.com\\\/pt\\\/\",\"name\":\"XBEE Portugu\u00eas\",\"description\":\"Tecnologia enzim\u00e1tica de combust\u00edvel XBEE para reduzir a polui\u00e7\u00e3o e o consumo de combust\u00edvel\",\"publisher\":{\"@id\":\"https:\\\/\\\/network.xbee.com\\\/pt\\\/#organization\"},\"potentialAction\":[{\"@type\":\"SearchAction\",\"target\":{\"@type\":\"EntryPoint\",\"urlTemplate\":\"https:\\\/\\\/network.xbee.com\\\/pt\\\/?s={search_term_string}\"},\"query-input\":{\"@type\":\"PropertyValueSpecification\",\"valueRequired\":true,\"valueName\":\"search_term_string\"}}],\"inLanguage\":\"pt-PT\"},{\"@type\":\"Organization\",\"@id\":\"https:\\\/\\\/network.xbee.com\\\/pt\\\/#organization\",\"name\":\"Xbee Tecnolog\u00eda de combustible enzim\u00e1tico\",\"url\":\"https:\\\/\\\/network.xbee.com\\\/pt\\\/\",\"logo\":{\"@type\":\"ImageObject\",\"inLanguage\":\"pt-PT\",\"@id\":\"https:\\\/\\\/network.xbee.com\\\/pt\\\/#\\\/schema\\\/logo\\\/image\\\/\",\"url\":\"https:\\\/\\\/network.xbee.com\\\/pt\\\/wp-content\\\/uploads\\\/sites\\\/39\\\/2017\\\/11\\\/xbee-eft-logo-500x869-1.png\",\"contentUrl\":\"https:\\\/\\\/network.xbee.com\\\/pt\\\/wp-content\\\/uploads\\\/sites\\\/39\\\/2017\\\/11\\\/xbee-eft-logo-500x869-1.png\",\"width\":500,\"height\":869,\"caption\":\"Xbee Tecnolog\u00eda de combustible enzim\u00e1tico\"},\"image\":{\"@id\":\"https:\\\/\\\/network.xbee.com\\\/pt\\\/#\\\/schema\\\/logo\\\/image\\\/\"},\"sameAs\":[\"https:\\\/\\\/www.facebook.com\\\/XbeeEnzymeFuelTechnology\\\/\",\"https:\\\/\\\/www.linkedin.com\\\/in\\\/xbee-sa\\\/detail\\\/recent-activity\\\/\",\"https:\\\/\\\/www.youtube.com\\\/channel\\\/UC3wULxm57jiKQ7PMVY016dA\"]}]}<\/script>\n<!-- \/ Yoast SEO plugin. -->","yoast_head_json":{"title":"Aditivo de combust\u00edvel XBEE - Normas europeias que o aprovam","description":"O aditivo de combust\u00edvel XBEE \u00e9 aceito por todas as petrol\u00edferas e est\u00e1 de acordo com todas as normas europeias que regulam os combust\u00edveis","robots":{"index":"index","follow":"follow","max-snippet":"max-snippet:-1","max-image-preview":"max-image-preview:large","max-video-preview":"max-video-preview:-1"},"canonical":"https:\/\/network.xbee.com\/pt\/certificados-seguranca\/garantias-combustivel\/","og_locale":"pt_PT","og_type":"article","og_title":"Aditivo de combust\u00edvel XBEE - Normas europeias que o aprovam","og_description":"O aditivo de combust\u00edvel XBEE \u00e9 aceito por todas as petrol\u00edferas e est\u00e1 de acordo com todas as normas europeias que regulam os combust\u00edveis","og_url":"https:\/\/network.xbee.com\/pt\/certificados-seguranca\/garantias-combustivel\/","og_site_name":"XBEE Portugu\u00eas","article_publisher":"https:\/\/www.facebook.com\/XbeeEnzymeFuelTechnology\/","article_modified_time":"2023-06-10T19:11:11+00:00","og_image":[{"width":400,"height":206,"url":"https:\/\/network.xbee.com\/pt\/wp-content\/uploads\/sites\/39\/2021\/05\/aditivo-de-combustible-xbee-normas-de-carburantes.jpg","type":"image\/jpeg"}],"twitter_card":"summary_large_image","schema":{"@context":"https:\/\/schema.org","@graph":[{"@type":"WebPage","@id":"https:\/\/network.xbee.com\/pt\/certificados-seguranca\/garantias-combustivel\/","url":"https:\/\/network.xbee.com\/pt\/certificados-seguranca\/garantias-combustivel\/","name":"Aditivo de combust\u00edvel XBEE - Normas europeias que o aprovam","isPartOf":{"@id":"https:\/\/network.xbee.com\/pt\/#website"},"primaryImageOfPage":{"@id":"https:\/\/network.xbee.com\/pt\/certificados-seguranca\/garantias-combustivel\/#primaryimage"},"image":{"@id":"https:\/\/network.xbee.com\/pt\/certificados-seguranca\/garantias-combustivel\/#primaryimage"},"thumbnailUrl":"https:\/\/network.xbee.com\/pt\/wp-content\/uploads\/sites\/39\/2021\/05\/aditivo-de-combustible-xbee-normas-de-carburantes.jpg","datePublished":"2018-09-03T15:25:15+00:00","dateModified":"2023-06-10T19:11:11+00:00","description":"O aditivo de combust\u00edvel XBEE \u00e9 aceito por todas as petrol\u00edferas e est\u00e1 de acordo com todas as normas europeias que regulam os combust\u00edveis","breadcrumb":{"@id":"https:\/\/network.xbee.com\/pt\/certificados-seguranca\/garantias-combustivel\/#breadcrumb"},"inLanguage":"pt-PT","potentialAction":[{"@type":"ReadAction","target":["https:\/\/network.xbee.com\/pt\/certificados-seguranca\/garantias-combustivel\/"]}]},{"@type":"ImageObject","inLanguage":"pt-PT","@id":"https:\/\/network.xbee.com\/pt\/certificados-seguranca\/garantias-combustivel\/#primaryimage","url":"https:\/\/network.xbee.com\/pt\/wp-content\/uploads\/sites\/39\/2021\/05\/aditivo-de-combustible-xbee-normas-de-carburantes.jpg","contentUrl":"https:\/\/network.xbee.com\/pt\/wp-content\/uploads\/sites\/39\/2021\/05\/aditivo-de-combustible-xbee-normas-de-carburantes.jpg","width":400,"height":206,"caption":"Aditivo de combustible XBEE - Normas de carburantes"},{"@type":"BreadcrumbList","@id":"https:\/\/network.xbee.com\/pt\/certificados-seguranca\/garantias-combustivel\/#breadcrumb","itemListElement":[{"@type":"ListItem","position":1,"name":"Inicio","item":"https:\/\/network.xbee.com\/pt\/"},{"@type":"ListItem","position":2,"name":"Garantias do aditivos para motores a gas\u00f3leo XBEE","item":"https:\/\/network.xbee.com\/pt\/certificados-seguranca\/"},{"@type":"ListItem","position":3,"name":"Aditivo para combust\u00edveis XBEE &#8211; Padr\u00f5es de combust\u00edvel"}]},{"@type":"WebSite","@id":"https:\/\/network.xbee.com\/pt\/#website","url":"https:\/\/network.xbee.com\/pt\/","name":"XBEE Portugu\u00eas","description":"Tecnologia enzim\u00e1tica de combust\u00edvel XBEE para reduzir a polui\u00e7\u00e3o e o consumo de combust\u00edvel","publisher":{"@id":"https:\/\/network.xbee.com\/pt\/#organization"},"potentialAction":[{"@type":"SearchAction","target":{"@type":"EntryPoint","urlTemplate":"https:\/\/network.xbee.com\/pt\/?s={search_term_string}"},"query-input":{"@type":"PropertyValueSpecification","valueRequired":true,"valueName":"search_term_string"}}],"inLanguage":"pt-PT"},{"@type":"Organization","@id":"https:\/\/network.xbee.com\/pt\/#organization","name":"Xbee Tecnolog\u00eda de combustible enzim\u00e1tico","url":"https:\/\/network.xbee.com\/pt\/","logo":{"@type":"ImageObject","inLanguage":"pt-PT","@id":"https:\/\/network.xbee.com\/pt\/#\/schema\/logo\/image\/","url":"https:\/\/network.xbee.com\/pt\/wp-content\/uploads\/sites\/39\/2017\/11\/xbee-eft-logo-500x869-1.png","contentUrl":"https:\/\/network.xbee.com\/pt\/wp-content\/uploads\/sites\/39\/2017\/11\/xbee-eft-logo-500x869-1.png","width":500,"height":869,"caption":"Xbee Tecnolog\u00eda de combustible enzim\u00e1tico"},"image":{"@id":"https:\/\/network.xbee.com\/pt\/#\/schema\/logo\/image\/"},"sameAs":["https:\/\/www.facebook.com\/XbeeEnzymeFuelTechnology\/","https:\/\/www.linkedin.com\/in\/xbee-sa\/detail\/recent-activity\/","https:\/\/www.youtube.com\/channel\/UC3wULxm57jiKQ7PMVY016dA"]}]}},"_links":{"self":[{"href":"https:\/\/network.xbee.com\/pt\/wp-json\/wp\/v2\/pages\/678","targetHints":{"allow":["GET"]}}],"collection":[{"href":"https:\/\/network.xbee.com\/pt\/wp-json\/wp\/v2\/pages"}],"about":[{"href":"https:\/\/network.xbee.com\/pt\/wp-json\/wp\/v2\/types\/page"}],"author":[{"embeddable":true,"href":"https:\/\/network.xbee.com\/pt\/wp-json\/wp\/v2\/users\/37"}],"replies":[{"embeddable":true,"href":"https:\/\/network.xbee.com\/pt\/wp-json\/wp\/v2\/comments?post=678"}],"version-history":[{"count":6,"href":"https:\/\/network.xbee.com\/pt\/wp-json\/wp\/v2\/pages\/678\/revisions"}],"predecessor-version":[{"id":6149,"href":"https:\/\/network.xbee.com\/pt\/wp-json\/wp\/v2\/pages\/678\/revisions\/6149"}],"up":[{"embeddable":true,"href":"https:\/\/network.xbee.com\/pt\/wp-json\/wp\/v2\/pages\/672"}],"wp:featuredmedia":[{"embeddable":true,"href":"https:\/\/network.xbee.com\/pt\/wp-json\/wp\/v2\/media\/4979"}],"wp:attachment":[{"href":"https:\/\/network.xbee.com\/pt\/wp-json\/wp\/v2\/media?parent=678"}],"curies":[{"name":"wp","href":"https:\/\/api.w.org\/{rel}","templated":true}]}}