{"id":676,"date":"2018-09-03T16:23:26","date_gmt":"2018-09-03T15:23:26","guid":{"rendered":"https:\/\/network.xbee.com\/ptpana\/beta\/?page_id=676"},"modified":"2023-06-10T21:12:41","modified_gmt":"2023-06-10T19:12:41","slug":"motores-compativeis","status":"publish","type":"page","link":"https:\/\/network.xbee.com\/pt\/certificados-seguranca\/motores-compativeis\/","title":{"rendered":"Limpador de Motor &#8211; Garantias de Motores"},"content":{"rendered":"","protected":false},"excerpt":{"rendered":"","protected":false},"author":37,"featured_media":236,"parent":672,"menu_order":0,"comment_status":"closed","ping_status":"closed","template":"","meta":{"footnotes":""},"class_list":["post-676","page","type-page","status-publish","has-post-thumbnail","hentry"],"yoast_head":"<!-- This site is optimized with the Yoast SEO plugin v27.3 - https:\/\/yoast.com\/product\/yoast-seo-wordpress\/ -->\n<title>Limpador de motor - Garantias de motores com XBEE<\/title>\n<meta name=\"description\" content=\"O limpador de motor XBEE \u00e9 recomendado pela maioria dos fabricantes de motores. O tratamento \u00e0 base de enzimas est\u00e1 em conformidade com os regulamentos.\" \/>\n<meta name=\"robots\" content=\"index, follow, max-snippet:-1, max-image-preview:large, max-video-preview:-1\" \/>\n<link rel=\"canonical\" href=\"https:\/\/network.xbee.com\/pt\/certificados-seguranca\/motores-compativeis\/\" \/>\n<meta property=\"og:locale\" content=\"pt_PT\" \/>\n<meta property=\"og:type\" content=\"article\" \/>\n<meta property=\"og:title\" content=\"Limpador de motor - Garantias de motores com XBEE\" \/>\n<meta property=\"og:description\" content=\"O limpador de motor XBEE \u00e9 recomendado pela maioria dos fabricantes de motores. O tratamento \u00e0 base de enzimas est\u00e1 em conformidade com os regulamentos.\" \/>\n<meta property=\"og:url\" content=\"https:\/\/network.xbee.com\/pt\/certificados-seguranca\/motores-compativeis\/\" \/>\n<meta property=\"og:site_name\" content=\"XBEE Portugu\u00eas\" \/>\n<meta property=\"article:publisher\" content=\"https:\/\/www.facebook.com\/XbeeEnzymeFuelTechnology\/\" \/>\n<meta property=\"article:modified_time\" content=\"2023-06-10T19:12:41+00:00\" \/>\n<meta property=\"og:image\" content=\"https:\/\/network.xbee.com\/pt\/wp-content\/uploads\/sites\/39\/2017\/09\/mak-caterpillar-bench-test-engine-6M25-1.jpg\" \/>\n\t<meta property=\"og:image:width\" content=\"500\" \/>\n\t<meta property=\"og:image:height\" content=\"257\" \/>\n\t<meta property=\"og:image:type\" content=\"image\/jpeg\" \/>\n<meta name=\"twitter:card\" content=\"summary_large_image\" \/>\n<script type=\"application\/ld+json\" class=\"yoast-schema-graph\">{\"@context\":\"https:\\\/\\\/schema.org\",\"@graph\":[{\"@type\":\"WebPage\",\"@id\":\"https:\\\/\\\/network.xbee.com\\\/pt\\\/certificados-seguranca\\\/motores-compativeis\\\/\",\"url\":\"https:\\\/\\\/network.xbee.com\\\/pt\\\/certificados-seguranca\\\/motores-compativeis\\\/\",\"name\":\"Limpador de motor - Garantias de motores com XBEE\",\"isPartOf\":{\"@id\":\"https:\\\/\\\/network.xbee.com\\\/pt\\\/#website\"},\"primaryImageOfPage\":{\"@id\":\"https:\\\/\\\/network.xbee.com\\\/pt\\\/certificados-seguranca\\\/motores-compativeis\\\/#primaryimage\"},\"image\":{\"@id\":\"https:\\\/\\\/network.xbee.com\\\/pt\\\/certificados-seguranca\\\/motores-compativeis\\\/#primaryimage\"},\"thumbnailUrl\":\"https:\\\/\\\/network.xbee.com\\\/pt\\\/wp-content\\\/uploads\\\/sites\\\/39\\\/2017\\\/09\\\/mak-caterpillar-bench-test-engine-6M25-1.jpg\",\"datePublished\":\"2018-09-03T15:23:26+00:00\",\"dateModified\":\"2023-06-10T19:12:41+00:00\",\"description\":\"O limpador de motor XBEE \u00e9 recomendado pela maioria dos fabricantes de motores. O tratamento \u00e0 base de enzimas est\u00e1 em conformidade com os regulamentos.\",\"breadcrumb\":{\"@id\":\"https:\\\/\\\/network.xbee.com\\\/pt\\\/certificados-seguranca\\\/motores-compativeis\\\/#breadcrumb\"},\"inLanguage\":\"pt-PT\",\"potentialAction\":[{\"@type\":\"ReadAction\",\"target\":[\"https:\\\/\\\/network.xbee.com\\\/pt\\\/certificados-seguranca\\\/motores-compativeis\\\/\"]}]},{\"@type\":\"ImageObject\",\"inLanguage\":\"pt-PT\",\"@id\":\"https:\\\/\\\/network.xbee.com\\\/pt\\\/certificados-seguranca\\\/motores-compativeis\\\/#primaryimage\",\"url\":\"https:\\\/\\\/network.xbee.com\\\/pt\\\/wp-content\\\/uploads\\\/sites\\\/39\\\/2017\\\/09\\\/mak-caterpillar-bench-test-engine-6M25-1.jpg\",\"contentUrl\":\"https:\\\/\\\/network.xbee.com\\\/pt\\\/wp-content\\\/uploads\\\/sites\\\/39\\\/2017\\\/09\\\/mak-caterpillar-bench-test-engine-6M25-1.jpg\",\"width\":500,\"height\":257,\"caption\":\"Garantias del motor - aditivo motor diesel XBEE\"},{\"@type\":\"BreadcrumbList\",\"@id\":\"https:\\\/\\\/network.xbee.com\\\/pt\\\/certificados-seguranca\\\/motores-compativeis\\\/#breadcrumb\",\"itemListElement\":[{\"@type\":\"ListItem\",\"position\":1,\"name\":\"Inicio\",\"item\":\"https:\\\/\\\/network.xbee.com\\\/pt\\\/\"},{\"@type\":\"ListItem\",\"position\":2,\"name\":\"Garantias do aditivos para motores a gas\u00f3leo XBEE\",\"item\":\"https:\\\/\\\/network.xbee.com\\\/pt\\\/certificados-seguranca\\\/\"},{\"@type\":\"ListItem\",\"position\":3,\"name\":\"Limpador de Motor &#8211; Garantias de Motores\"}]},{\"@type\":\"WebSite\",\"@id\":\"https:\\\/\\\/network.xbee.com\\\/pt\\\/#website\",\"url\":\"https:\\\/\\\/network.xbee.com\\\/pt\\\/\",\"name\":\"XBEE Portugu\u00eas\",\"description\":\"Tecnologia enzim\u00e1tica de combust\u00edvel XBEE para reduzir a polui\u00e7\u00e3o e o consumo de combust\u00edvel\",\"publisher\":{\"@id\":\"https:\\\/\\\/network.xbee.com\\\/pt\\\/#organization\"},\"potentialAction\":[{\"@type\":\"SearchAction\",\"target\":{\"@type\":\"EntryPoint\",\"urlTemplate\":\"https:\\\/\\\/network.xbee.com\\\/pt\\\/?s={search_term_string}\"},\"query-input\":{\"@type\":\"PropertyValueSpecification\",\"valueRequired\":true,\"valueName\":\"search_term_string\"}}],\"inLanguage\":\"pt-PT\"},{\"@type\":\"Organization\",\"@id\":\"https:\\\/\\\/network.xbee.com\\\/pt\\\/#organization\",\"name\":\"Xbee Tecnolog\u00eda de combustible enzim\u00e1tico\",\"url\":\"https:\\\/\\\/network.xbee.com\\\/pt\\\/\",\"logo\":{\"@type\":\"ImageObject\",\"inLanguage\":\"pt-PT\",\"@id\":\"https:\\\/\\\/network.xbee.com\\\/pt\\\/#\\\/schema\\\/logo\\\/image\\\/\",\"url\":\"https:\\\/\\\/network.xbee.com\\\/pt\\\/wp-content\\\/uploads\\\/sites\\\/39\\\/2017\\\/11\\\/xbee-eft-logo-500x869-1.png\",\"contentUrl\":\"https:\\\/\\\/network.xbee.com\\\/pt\\\/wp-content\\\/uploads\\\/sites\\\/39\\\/2017\\\/11\\\/xbee-eft-logo-500x869-1.png\",\"width\":500,\"height\":869,\"caption\":\"Xbee Tecnolog\u00eda de combustible enzim\u00e1tico\"},\"image\":{\"@id\":\"https:\\\/\\\/network.xbee.com\\\/pt\\\/#\\\/schema\\\/logo\\\/image\\\/\"},\"sameAs\":[\"https:\\\/\\\/www.facebook.com\\\/XbeeEnzymeFuelTechnology\\\/\",\"https:\\\/\\\/www.linkedin.com\\\/in\\\/xbee-sa\\\/detail\\\/recent-activity\\\/\",\"https:\\\/\\\/www.youtube.com\\\/channel\\\/UC3wULxm57jiKQ7PMVY016dA\"]}]}<\/script>\n<!-- \/ Yoast SEO plugin. -->","yoast_head_json":{"title":"Limpador de motor - Garantias de motores com XBEE","description":"O limpador de motor XBEE \u00e9 recomendado pela maioria dos fabricantes de motores. O tratamento \u00e0 base de enzimas est\u00e1 em conformidade com os regulamentos.","robots":{"index":"index","follow":"follow","max-snippet":"max-snippet:-1","max-image-preview":"max-image-preview:large","max-video-preview":"max-video-preview:-1"},"canonical":"https:\/\/network.xbee.com\/pt\/certificados-seguranca\/motores-compativeis\/","og_locale":"pt_PT","og_type":"article","og_title":"Limpador de motor - Garantias de motores com XBEE","og_description":"O limpador de motor XBEE \u00e9 recomendado pela maioria dos fabricantes de motores. O tratamento \u00e0 base de enzimas est\u00e1 em conformidade com os regulamentos.","og_url":"https:\/\/network.xbee.com\/pt\/certificados-seguranca\/motores-compativeis\/","og_site_name":"XBEE Portugu\u00eas","article_publisher":"https:\/\/www.facebook.com\/XbeeEnzymeFuelTechnology\/","article_modified_time":"2023-06-10T19:12:41+00:00","og_image":[{"width":500,"height":257,"url":"https:\/\/network.xbee.com\/pt\/wp-content\/uploads\/sites\/39\/2017\/09\/mak-caterpillar-bench-test-engine-6M25-1.jpg","type":"image\/jpeg"}],"twitter_card":"summary_large_image","schema":{"@context":"https:\/\/schema.org","@graph":[{"@type":"WebPage","@id":"https:\/\/network.xbee.com\/pt\/certificados-seguranca\/motores-compativeis\/","url":"https:\/\/network.xbee.com\/pt\/certificados-seguranca\/motores-compativeis\/","name":"Limpador de motor - Garantias de motores com XBEE","isPartOf":{"@id":"https:\/\/network.xbee.com\/pt\/#website"},"primaryImageOfPage":{"@id":"https:\/\/network.xbee.com\/pt\/certificados-seguranca\/motores-compativeis\/#primaryimage"},"image":{"@id":"https:\/\/network.xbee.com\/pt\/certificados-seguranca\/motores-compativeis\/#primaryimage"},"thumbnailUrl":"https:\/\/network.xbee.com\/pt\/wp-content\/uploads\/sites\/39\/2017\/09\/mak-caterpillar-bench-test-engine-6M25-1.jpg","datePublished":"2018-09-03T15:23:26+00:00","dateModified":"2023-06-10T19:12:41+00:00","description":"O limpador de motor XBEE \u00e9 recomendado pela maioria dos fabricantes de motores. O tratamento \u00e0 base de enzimas est\u00e1 em conformidade com os regulamentos.","breadcrumb":{"@id":"https:\/\/network.xbee.com\/pt\/certificados-seguranca\/motores-compativeis\/#breadcrumb"},"inLanguage":"pt-PT","potentialAction":[{"@type":"ReadAction","target":["https:\/\/network.xbee.com\/pt\/certificados-seguranca\/motores-compativeis\/"]}]},{"@type":"ImageObject","inLanguage":"pt-PT","@id":"https:\/\/network.xbee.com\/pt\/certificados-seguranca\/motores-compativeis\/#primaryimage","url":"https:\/\/network.xbee.com\/pt\/wp-content\/uploads\/sites\/39\/2017\/09\/mak-caterpillar-bench-test-engine-6M25-1.jpg","contentUrl":"https:\/\/network.xbee.com\/pt\/wp-content\/uploads\/sites\/39\/2017\/09\/mak-caterpillar-bench-test-engine-6M25-1.jpg","width":500,"height":257,"caption":"Garantias del motor - aditivo motor diesel XBEE"},{"@type":"BreadcrumbList","@id":"https:\/\/network.xbee.com\/pt\/certificados-seguranca\/motores-compativeis\/#breadcrumb","itemListElement":[{"@type":"ListItem","position":1,"name":"Inicio","item":"https:\/\/network.xbee.com\/pt\/"},{"@type":"ListItem","position":2,"name":"Garantias do aditivos para motores a gas\u00f3leo XBEE","item":"https:\/\/network.xbee.com\/pt\/certificados-seguranca\/"},{"@type":"ListItem","position":3,"name":"Limpador de Motor &#8211; Garantias de Motores"}]},{"@type":"WebSite","@id":"https:\/\/network.xbee.com\/pt\/#website","url":"https:\/\/network.xbee.com\/pt\/","name":"XBEE Portugu\u00eas","description":"Tecnologia enzim\u00e1tica de combust\u00edvel XBEE para reduzir a polui\u00e7\u00e3o e o consumo de combust\u00edvel","publisher":{"@id":"https:\/\/network.xbee.com\/pt\/#organization"},"potentialAction":[{"@type":"SearchAction","target":{"@type":"EntryPoint","urlTemplate":"https:\/\/network.xbee.com\/pt\/?s={search_term_string}"},"query-input":{"@type":"PropertyValueSpecification","valueRequired":true,"valueName":"search_term_string"}}],"inLanguage":"pt-PT"},{"@type":"Organization","@id":"https:\/\/network.xbee.com\/pt\/#organization","name":"Xbee Tecnolog\u00eda de combustible enzim\u00e1tico","url":"https:\/\/network.xbee.com\/pt\/","logo":{"@type":"ImageObject","inLanguage":"pt-PT","@id":"https:\/\/network.xbee.com\/pt\/#\/schema\/logo\/image\/","url":"https:\/\/network.xbee.com\/pt\/wp-content\/uploads\/sites\/39\/2017\/11\/xbee-eft-logo-500x869-1.png","contentUrl":"https:\/\/network.xbee.com\/pt\/wp-content\/uploads\/sites\/39\/2017\/11\/xbee-eft-logo-500x869-1.png","width":500,"height":869,"caption":"Xbee Tecnolog\u00eda de combustible enzim\u00e1tico"},"image":{"@id":"https:\/\/network.xbee.com\/pt\/#\/schema\/logo\/image\/"},"sameAs":["https:\/\/www.facebook.com\/XbeeEnzymeFuelTechnology\/","https:\/\/www.linkedin.com\/in\/xbee-sa\/detail\/recent-activity\/","https:\/\/www.youtube.com\/channel\/UC3wULxm57jiKQ7PMVY016dA"]}]}},"_links":{"self":[{"href":"https:\/\/network.xbee.com\/pt\/wp-json\/wp\/v2\/pages\/676","targetHints":{"allow":["GET"]}}],"collection":[{"href":"https:\/\/network.xbee.com\/pt\/wp-json\/wp\/v2\/pages"}],"about":[{"href":"https:\/\/network.xbee.com\/pt\/wp-json\/wp\/v2\/types\/page"}],"author":[{"embeddable":true,"href":"https:\/\/network.xbee.com\/pt\/wp-json\/wp\/v2\/users\/37"}],"replies":[{"embeddable":true,"href":"https:\/\/network.xbee.com\/pt\/wp-json\/wp\/v2\/comments?post=676"}],"version-history":[{"count":6,"href":"https:\/\/network.xbee.com\/pt\/wp-json\/wp\/v2\/pages\/676\/revisions"}],"predecessor-version":[{"id":6150,"href":"https:\/\/network.xbee.com\/pt\/wp-json\/wp\/v2\/pages\/676\/revisions\/6150"}],"up":[{"embeddable":true,"href":"https:\/\/network.xbee.com\/pt\/wp-json\/wp\/v2\/pages\/672"}],"wp:featuredmedia":[{"embeddable":true,"href":"https:\/\/network.xbee.com\/pt\/wp-json\/wp\/v2\/media\/236"}],"wp:attachment":[{"href":"https:\/\/network.xbee.com\/pt\/wp-json\/wp\/v2\/media?parent=676"}],"curies":[{"name":"wp","href":"https:\/\/api.w.org\/{rel}","templated":true}]}}