{"id":653,"date":"2018-09-03T15:16:47","date_gmt":"2018-09-03T14:16:47","guid":{"rendered":"https:\/\/network.xbee.com\/ptpana\/beta\/?page_id=653"},"modified":"2023-06-10T21:06:18","modified_gmt":"2023-06-10T19:06:18","slug":"reduzir-o-consumo-de-combustivel","status":"publish","type":"page","link":"https:\/\/network.xbee.com\/pt\/aditivo-para-combustivel-beneficios\/reduzir-o-consumo-de-combustivel\/","title":{"rendered":"Consumo e economia de combust\u00edvel"},"content":{"rendered":"","protected":false},"excerpt":{"rendered":"","protected":false},"author":37,"featured_media":0,"parent":658,"menu_order":0,"comment_status":"closed","ping_status":"closed","template":"","meta":{"footnotes":""},"class_list":["post-653","page","type-page","status-publish","hentry"],"yoast_head":"<!-- This site is optimized with the Yoast SEO plugin v27.3 - https:\/\/yoast.com\/product\/yoast-seo-wordpress\/ -->\n<title>Consumo e economia de combust\u00edvel - XBEE Portugal<\/title>\n<meta name=\"description\" content=\"O consumo de combust\u00edvel pode ser reduzido em 2 a 4% em motores limpos de \u00faltima gera\u00e7\u00e3o, at\u00e9 10% em motores mais antigos.\" \/>\n<meta name=\"robots\" content=\"index, follow, max-snippet:-1, max-image-preview:large, max-video-preview:-1\" \/>\n<link rel=\"canonical\" href=\"https:\/\/network.xbee.com\/pt\/aditivo-para-combustivel-beneficios\/reduzir-o-consumo-de-combustivel\/\" \/>\n<meta property=\"og:locale\" content=\"pt_PT\" \/>\n<meta property=\"og:type\" content=\"article\" \/>\n<meta property=\"og:title\" content=\"Consumo e economia de combust\u00edvel - XBEE Portugal\" \/>\n<meta property=\"og:description\" content=\"O consumo de combust\u00edvel pode ser reduzido em 2 a 4% em motores limpos de \u00faltima gera\u00e7\u00e3o, at\u00e9 10% em motores mais antigos.\" \/>\n<meta property=\"og:url\" content=\"https:\/\/network.xbee.com\/pt\/aditivo-para-combustivel-beneficios\/reduzir-o-consumo-de-combustivel\/\" \/>\n<meta property=\"og:site_name\" content=\"XBEE Portugu\u00eas\" \/>\n<meta property=\"article:publisher\" content=\"https:\/\/www.facebook.com\/XbeeEnzymeFuelTechnology\/\" \/>\n<meta property=\"article:modified_time\" content=\"2023-06-10T19:06:18+00:00\" \/>\n<meta name=\"twitter:card\" content=\"summary_large_image\" \/>\n<script type=\"application\/ld+json\" class=\"yoast-schema-graph\">{\"@context\":\"https:\\\/\\\/schema.org\",\"@graph\":[{\"@type\":\"WebPage\",\"@id\":\"https:\\\/\\\/network.xbee.com\\\/pt\\\/aditivo-para-combustivel-beneficios\\\/reduzir-o-consumo-de-combustivel\\\/\",\"url\":\"https:\\\/\\\/network.xbee.com\\\/pt\\\/aditivo-para-combustivel-beneficios\\\/reduzir-o-consumo-de-combustivel\\\/\",\"name\":\"Consumo e economia de combust\u00edvel - XBEE Portugal\",\"isPartOf\":{\"@id\":\"https:\\\/\\\/network.xbee.com\\\/pt\\\/#website\"},\"datePublished\":\"2018-09-03T14:16:47+00:00\",\"dateModified\":\"2023-06-10T19:06:18+00:00\",\"description\":\"O consumo de combust\u00edvel pode ser reduzido em 2 a 4% em motores limpos de \u00faltima gera\u00e7\u00e3o, at\u00e9 10% em motores mais antigos.\",\"breadcrumb\":{\"@id\":\"https:\\\/\\\/network.xbee.com\\\/pt\\\/aditivo-para-combustivel-beneficios\\\/reduzir-o-consumo-de-combustivel\\\/#breadcrumb\"},\"inLanguage\":\"pt-PT\",\"potentialAction\":[{\"@type\":\"ReadAction\",\"target\":[\"https:\\\/\\\/network.xbee.com\\\/pt\\\/aditivo-para-combustivel-beneficios\\\/reduzir-o-consumo-de-combustivel\\\/\"]}]},{\"@type\":\"BreadcrumbList\",\"@id\":\"https:\\\/\\\/network.xbee.com\\\/pt\\\/aditivo-para-combustivel-beneficios\\\/reduzir-o-consumo-de-combustivel\\\/#breadcrumb\",\"itemListElement\":[{\"@type\":\"ListItem\",\"position\":1,\"name\":\"Inicio\",\"item\":\"https:\\\/\\\/network.xbee.com\\\/pt\\\/\"},{\"@type\":\"ListItem\",\"position\":2,\"name\":\"Benef\u00edcios com XBEE\",\"item\":\"https:\\\/\\\/network.xbee.com\\\/pt\\\/aditivo-para-combustivel-beneficios\\\/\"},{\"@type\":\"ListItem\",\"position\":3,\"name\":\"Consumo e economia de combust\u00edvel\"}]},{\"@type\":\"WebSite\",\"@id\":\"https:\\\/\\\/network.xbee.com\\\/pt\\\/#website\",\"url\":\"https:\\\/\\\/network.xbee.com\\\/pt\\\/\",\"name\":\"XBEE Portugu\u00eas\",\"description\":\"Tecnologia enzim\u00e1tica de combust\u00edvel XBEE para reduzir a polui\u00e7\u00e3o e o consumo de combust\u00edvel\",\"publisher\":{\"@id\":\"https:\\\/\\\/network.xbee.com\\\/pt\\\/#organization\"},\"potentialAction\":[{\"@type\":\"SearchAction\",\"target\":{\"@type\":\"EntryPoint\",\"urlTemplate\":\"https:\\\/\\\/network.xbee.com\\\/pt\\\/?s={search_term_string}\"},\"query-input\":{\"@type\":\"PropertyValueSpecification\",\"valueRequired\":true,\"valueName\":\"search_term_string\"}}],\"inLanguage\":\"pt-PT\"},{\"@type\":\"Organization\",\"@id\":\"https:\\\/\\\/network.xbee.com\\\/pt\\\/#organization\",\"name\":\"Xbee Tecnolog\u00eda de combustible enzim\u00e1tico\",\"url\":\"https:\\\/\\\/network.xbee.com\\\/pt\\\/\",\"logo\":{\"@type\":\"ImageObject\",\"inLanguage\":\"pt-PT\",\"@id\":\"https:\\\/\\\/network.xbee.com\\\/pt\\\/#\\\/schema\\\/logo\\\/image\\\/\",\"url\":\"https:\\\/\\\/network.xbee.com\\\/pt\\\/wp-content\\\/uploads\\\/sites\\\/39\\\/2017\\\/11\\\/xbee-eft-logo-500x869-1.png\",\"contentUrl\":\"https:\\\/\\\/network.xbee.com\\\/pt\\\/wp-content\\\/uploads\\\/sites\\\/39\\\/2017\\\/11\\\/xbee-eft-logo-500x869-1.png\",\"width\":500,\"height\":869,\"caption\":\"Xbee Tecnolog\u00eda de combustible enzim\u00e1tico\"},\"image\":{\"@id\":\"https:\\\/\\\/network.xbee.com\\\/pt\\\/#\\\/schema\\\/logo\\\/image\\\/\"},\"sameAs\":[\"https:\\\/\\\/www.facebook.com\\\/XbeeEnzymeFuelTechnology\\\/\",\"https:\\\/\\\/www.linkedin.com\\\/in\\\/xbee-sa\\\/detail\\\/recent-activity\\\/\",\"https:\\\/\\\/www.youtube.com\\\/channel\\\/UC3wULxm57jiKQ7PMVY016dA\"]}]}<\/script>\n<!-- \/ Yoast SEO plugin. -->","yoast_head_json":{"title":"Consumo e economia de combust\u00edvel - XBEE Portugal","description":"O consumo de combust\u00edvel pode ser reduzido em 2 a 4% em motores limpos de \u00faltima gera\u00e7\u00e3o, at\u00e9 10% em motores mais antigos.","robots":{"index":"index","follow":"follow","max-snippet":"max-snippet:-1","max-image-preview":"max-image-preview:large","max-video-preview":"max-video-preview:-1"},"canonical":"https:\/\/network.xbee.com\/pt\/aditivo-para-combustivel-beneficios\/reduzir-o-consumo-de-combustivel\/","og_locale":"pt_PT","og_type":"article","og_title":"Consumo e economia de combust\u00edvel - XBEE Portugal","og_description":"O consumo de combust\u00edvel pode ser reduzido em 2 a 4% em motores limpos de \u00faltima gera\u00e7\u00e3o, at\u00e9 10% em motores mais antigos.","og_url":"https:\/\/network.xbee.com\/pt\/aditivo-para-combustivel-beneficios\/reduzir-o-consumo-de-combustivel\/","og_site_name":"XBEE Portugu\u00eas","article_publisher":"https:\/\/www.facebook.com\/XbeeEnzymeFuelTechnology\/","article_modified_time":"2023-06-10T19:06:18+00:00","twitter_card":"summary_large_image","schema":{"@context":"https:\/\/schema.org","@graph":[{"@type":"WebPage","@id":"https:\/\/network.xbee.com\/pt\/aditivo-para-combustivel-beneficios\/reduzir-o-consumo-de-combustivel\/","url":"https:\/\/network.xbee.com\/pt\/aditivo-para-combustivel-beneficios\/reduzir-o-consumo-de-combustivel\/","name":"Consumo e economia de combust\u00edvel - XBEE Portugal","isPartOf":{"@id":"https:\/\/network.xbee.com\/pt\/#website"},"datePublished":"2018-09-03T14:16:47+00:00","dateModified":"2023-06-10T19:06:18+00:00","description":"O consumo de combust\u00edvel pode ser reduzido em 2 a 4% em motores limpos de \u00faltima gera\u00e7\u00e3o, at\u00e9 10% em motores mais antigos.","breadcrumb":{"@id":"https:\/\/network.xbee.com\/pt\/aditivo-para-combustivel-beneficios\/reduzir-o-consumo-de-combustivel\/#breadcrumb"},"inLanguage":"pt-PT","potentialAction":[{"@type":"ReadAction","target":["https:\/\/network.xbee.com\/pt\/aditivo-para-combustivel-beneficios\/reduzir-o-consumo-de-combustivel\/"]}]},{"@type":"BreadcrumbList","@id":"https:\/\/network.xbee.com\/pt\/aditivo-para-combustivel-beneficios\/reduzir-o-consumo-de-combustivel\/#breadcrumb","itemListElement":[{"@type":"ListItem","position":1,"name":"Inicio","item":"https:\/\/network.xbee.com\/pt\/"},{"@type":"ListItem","position":2,"name":"Benef\u00edcios com XBEE","item":"https:\/\/network.xbee.com\/pt\/aditivo-para-combustivel-beneficios\/"},{"@type":"ListItem","position":3,"name":"Consumo e economia de combust\u00edvel"}]},{"@type":"WebSite","@id":"https:\/\/network.xbee.com\/pt\/#website","url":"https:\/\/network.xbee.com\/pt\/","name":"XBEE Portugu\u00eas","description":"Tecnologia enzim\u00e1tica de combust\u00edvel XBEE para reduzir a polui\u00e7\u00e3o e o consumo de combust\u00edvel","publisher":{"@id":"https:\/\/network.xbee.com\/pt\/#organization"},"potentialAction":[{"@type":"SearchAction","target":{"@type":"EntryPoint","urlTemplate":"https:\/\/network.xbee.com\/pt\/?s={search_term_string}"},"query-input":{"@type":"PropertyValueSpecification","valueRequired":true,"valueName":"search_term_string"}}],"inLanguage":"pt-PT"},{"@type":"Organization","@id":"https:\/\/network.xbee.com\/pt\/#organization","name":"Xbee Tecnolog\u00eda de combustible enzim\u00e1tico","url":"https:\/\/network.xbee.com\/pt\/","logo":{"@type":"ImageObject","inLanguage":"pt-PT","@id":"https:\/\/network.xbee.com\/pt\/#\/schema\/logo\/image\/","url":"https:\/\/network.xbee.com\/pt\/wp-content\/uploads\/sites\/39\/2017\/11\/xbee-eft-logo-500x869-1.png","contentUrl":"https:\/\/network.xbee.com\/pt\/wp-content\/uploads\/sites\/39\/2017\/11\/xbee-eft-logo-500x869-1.png","width":500,"height":869,"caption":"Xbee Tecnolog\u00eda de combustible enzim\u00e1tico"},"image":{"@id":"https:\/\/network.xbee.com\/pt\/#\/schema\/logo\/image\/"},"sameAs":["https:\/\/www.facebook.com\/XbeeEnzymeFuelTechnology\/","https:\/\/www.linkedin.com\/in\/xbee-sa\/detail\/recent-activity\/","https:\/\/www.youtube.com\/channel\/UC3wULxm57jiKQ7PMVY016dA"]}]}},"_links":{"self":[{"href":"https:\/\/network.xbee.com\/pt\/wp-json\/wp\/v2\/pages\/653","targetHints":{"allow":["GET"]}}],"collection":[{"href":"https:\/\/network.xbee.com\/pt\/wp-json\/wp\/v2\/pages"}],"about":[{"href":"https:\/\/network.xbee.com\/pt\/wp-json\/wp\/v2\/types\/page"}],"author":[{"embeddable":true,"href":"https:\/\/network.xbee.com\/pt\/wp-json\/wp\/v2\/users\/37"}],"replies":[{"embeddable":true,"href":"https:\/\/network.xbee.com\/pt\/wp-json\/wp\/v2\/comments?post=653"}],"version-history":[{"count":6,"href":"https:\/\/network.xbee.com\/pt\/wp-json\/wp\/v2\/pages\/653\/revisions"}],"predecessor-version":[{"id":6145,"href":"https:\/\/network.xbee.com\/pt\/wp-json\/wp\/v2\/pages\/653\/revisions\/6145"}],"up":[{"embeddable":true,"href":"https:\/\/network.xbee.com\/pt\/wp-json\/wp\/v2\/pages\/658"}],"wp:attachment":[{"href":"https:\/\/network.xbee.com\/pt\/wp-json\/wp\/v2\/media?parent=653"}],"curies":[{"name":"wp","href":"https:\/\/api.w.org\/{rel}","templated":true}]}}