{"id":5618,"date":"2021-06-06T00:37:34","date_gmt":"2021-06-05T22:37:34","guid":{"rendered":"https:\/\/network.xbee.com\/pt\/?page_id=5618"},"modified":"2022-05-09T22:48:20","modified_gmt":"2022-05-09T20:48:20","slug":"politica-de-privacidade-e-isencao-de-responsabilidade","status":"publish","type":"page","link":"https:\/\/network.xbee.com\/pt\/politica-de-privacidade-e-isencao-de-responsabilidade\/","title":{"rendered":"Pol\u00edtica de privacidade e isen\u00e7\u00e3o de responsabilidade do site"},"content":{"rendered":"","protected":false},"excerpt":{"rendered":"","protected":false},"author":37,"featured_media":0,"parent":0,"menu_order":0,"comment_status":"closed","ping_status":"closed","template":"","meta":{"footnotes":""},"class_list":["post-5618","page","type-page","status-publish","hentry"],"yoast_head":"<!-- This site is optimized with the Yoast SEO plugin v26.8 - https:\/\/yoast.com\/product\/yoast-seo-wordpress\/ -->\n<title>Pol\u00edtica de responsabilidade e confidencialidade - XBEE Portugu\u00eas<\/title>\n<meta name=\"description\" content=\"Envie suas preocupa\u00e7\u00f5es, solicita\u00e7\u00e3o de informa\u00e7\u00f5es comerciais ou d\u00favidas sobre o aditivo de combust\u00edvel XBEE. Estamos a sua disposi\u00e7\u00e3o.\" \/>\n<meta name=\"robots\" content=\"noindex, follow\" \/>\n<meta property=\"og:locale\" content=\"pt_PT\" \/>\n<meta property=\"og:type\" content=\"article\" \/>\n<meta property=\"og:title\" content=\"Pol\u00edtica de responsabilidade e confidencialidade - XBEE Portugu\u00eas\" \/>\n<meta property=\"og:description\" content=\"Envie suas preocupa\u00e7\u00f5es, solicita\u00e7\u00e3o de informa\u00e7\u00f5es comerciais ou d\u00favidas sobre o aditivo de combust\u00edvel XBEE. Estamos a sua disposi\u00e7\u00e3o.\" \/>\n<meta property=\"og:url\" content=\"https:\/\/network.xbee.com\/pt\/politica-de-privacidade-e-isencao-de-responsabilidade\/\" \/>\n<meta property=\"og:site_name\" content=\"XBEE Portugu\u00eas\" \/>\n<meta property=\"article:publisher\" content=\"https:\/\/www.facebook.com\/XbeeEnzymeFuelTechnology\/\" \/>\n<meta property=\"article:modified_time\" content=\"2022-05-09T20:48:20+00:00\" \/>\n<meta name=\"twitter:card\" content=\"summary_large_image\" \/>\n<script type=\"application\/ld+json\" class=\"yoast-schema-graph\">{\"@context\":\"https:\/\/schema.org\",\"@graph\":[{\"@type\":\"WebPage\",\"@id\":\"https:\/\/network.xbee.com\/pt\/politica-de-privacidade-e-isencao-de-responsabilidade\/\",\"url\":\"https:\/\/network.xbee.com\/pt\/politica-de-privacidade-e-isencao-de-responsabilidade\/\",\"name\":\"Pol\u00edtica de responsabilidade e confidencialidade - XBEE Portugu\u00eas\",\"isPartOf\":{\"@id\":\"https:\/\/network.xbee.com\/pt\/#website\"},\"datePublished\":\"2021-06-05T22:37:34+00:00\",\"dateModified\":\"2022-05-09T20:48:20+00:00\",\"description\":\"Envie suas preocupa\u00e7\u00f5es, solicita\u00e7\u00e3o de informa\u00e7\u00f5es comerciais ou d\u00favidas sobre o aditivo de combust\u00edvel XBEE. Estamos a sua disposi\u00e7\u00e3o.\",\"breadcrumb\":{\"@id\":\"https:\/\/network.xbee.com\/pt\/politica-de-privacidade-e-isencao-de-responsabilidade\/#breadcrumb\"},\"inLanguage\":\"pt-PT\",\"potentialAction\":[{\"@type\":\"ReadAction\",\"target\":[\"https:\/\/network.xbee.com\/pt\/politica-de-privacidade-e-isencao-de-responsabilidade\/\"]}]},{\"@type\":\"BreadcrumbList\",\"@id\":\"https:\/\/network.xbee.com\/pt\/politica-de-privacidade-e-isencao-de-responsabilidade\/#breadcrumb\",\"itemListElement\":[{\"@type\":\"ListItem\",\"position\":1,\"name\":\"Inicio\",\"item\":\"https:\/\/network.xbee.com\/pt\/\"},{\"@type\":\"ListItem\",\"position\":2,\"name\":\"Pol\u00edtica de privacidade e isen\u00e7\u00e3o de responsabilidade do site\"}]},{\"@type\":\"WebSite\",\"@id\":\"https:\/\/network.xbee.com\/pt\/#website\",\"url\":\"https:\/\/network.xbee.com\/pt\/\",\"name\":\"XBEE Portugu\u00eas\",\"description\":\"Tecnologia enzim\u00e1tica de combust\u00edvel XBEE para reduzir a polui\u00e7\u00e3o e o consumo de combust\u00edvel\",\"publisher\":{\"@id\":\"https:\/\/network.xbee.com\/pt\/#organization\"},\"potentialAction\":[{\"@type\":\"SearchAction\",\"target\":{\"@type\":\"EntryPoint\",\"urlTemplate\":\"https:\/\/network.xbee.com\/pt\/?s={search_term_string}\"},\"query-input\":{\"@type\":\"PropertyValueSpecification\",\"valueRequired\":true,\"valueName\":\"search_term_string\"}}],\"inLanguage\":\"pt-PT\"},{\"@type\":\"Organization\",\"@id\":\"https:\/\/network.xbee.com\/pt\/#organization\",\"name\":\"Xbee Tecnolog\u00eda de combustible enzim\u00e1tico\",\"url\":\"https:\/\/network.xbee.com\/pt\/\",\"logo\":{\"@type\":\"ImageObject\",\"inLanguage\":\"pt-PT\",\"@id\":\"https:\/\/network.xbee.com\/pt\/#\/schema\/logo\/image\/\",\"url\":\"https:\/\/network.xbee.com\/pt\/wp-content\/uploads\/sites\/39\/2017\/11\/xbee-eft-logo-500x869-1.png\",\"contentUrl\":\"https:\/\/network.xbee.com\/pt\/wp-content\/uploads\/sites\/39\/2017\/11\/xbee-eft-logo-500x869-1.png\",\"width\":500,\"height\":869,\"caption\":\"Xbee Tecnolog\u00eda de combustible enzim\u00e1tico\"},\"image\":{\"@id\":\"https:\/\/network.xbee.com\/pt\/#\/schema\/logo\/image\/\"},\"sameAs\":[\"https:\/\/www.facebook.com\/XbeeEnzymeFuelTechnology\/\",\"https:\/\/www.linkedin.com\/in\/xbee-sa\/detail\/recent-activity\/\",\"https:\/\/www.youtube.com\/channel\/UC3wULxm57jiKQ7PMVY016dA\"]}]}<\/script>\n<!-- \/ Yoast SEO plugin. -->","yoast_head_json":{"title":"Pol\u00edtica de responsabilidade e confidencialidade - XBEE Portugu\u00eas","description":"Envie suas preocupa\u00e7\u00f5es, solicita\u00e7\u00e3o de informa\u00e7\u00f5es comerciais ou d\u00favidas sobre o aditivo de combust\u00edvel XBEE. Estamos a sua disposi\u00e7\u00e3o.","robots":{"index":"noindex","follow":"follow"},"og_locale":"pt_PT","og_type":"article","og_title":"Pol\u00edtica de responsabilidade e confidencialidade - XBEE Portugu\u00eas","og_description":"Envie suas preocupa\u00e7\u00f5es, solicita\u00e7\u00e3o de informa\u00e7\u00f5es comerciais ou d\u00favidas sobre o aditivo de combust\u00edvel XBEE. Estamos a sua disposi\u00e7\u00e3o.","og_url":"https:\/\/network.xbee.com\/pt\/politica-de-privacidade-e-isencao-de-responsabilidade\/","og_site_name":"XBEE Portugu\u00eas","article_publisher":"https:\/\/www.facebook.com\/XbeeEnzymeFuelTechnology\/","article_modified_time":"2022-05-09T20:48:20+00:00","twitter_card":"summary_large_image","schema":{"@context":"https:\/\/schema.org","@graph":[{"@type":"WebPage","@id":"https:\/\/network.xbee.com\/pt\/politica-de-privacidade-e-isencao-de-responsabilidade\/","url":"https:\/\/network.xbee.com\/pt\/politica-de-privacidade-e-isencao-de-responsabilidade\/","name":"Pol\u00edtica de responsabilidade e confidencialidade - XBEE Portugu\u00eas","isPartOf":{"@id":"https:\/\/network.xbee.com\/pt\/#website"},"datePublished":"2021-06-05T22:37:34+00:00","dateModified":"2022-05-09T20:48:20+00:00","description":"Envie suas preocupa\u00e7\u00f5es, solicita\u00e7\u00e3o de informa\u00e7\u00f5es comerciais ou d\u00favidas sobre o aditivo de combust\u00edvel XBEE. Estamos a sua disposi\u00e7\u00e3o.","breadcrumb":{"@id":"https:\/\/network.xbee.com\/pt\/politica-de-privacidade-e-isencao-de-responsabilidade\/#breadcrumb"},"inLanguage":"pt-PT","potentialAction":[{"@type":"ReadAction","target":["https:\/\/network.xbee.com\/pt\/politica-de-privacidade-e-isencao-de-responsabilidade\/"]}]},{"@type":"BreadcrumbList","@id":"https:\/\/network.xbee.com\/pt\/politica-de-privacidade-e-isencao-de-responsabilidade\/#breadcrumb","itemListElement":[{"@type":"ListItem","position":1,"name":"Inicio","item":"https:\/\/network.xbee.com\/pt\/"},{"@type":"ListItem","position":2,"name":"Pol\u00edtica de privacidade e isen\u00e7\u00e3o de responsabilidade do site"}]},{"@type":"WebSite","@id":"https:\/\/network.xbee.com\/pt\/#website","url":"https:\/\/network.xbee.com\/pt\/","name":"XBEE Portugu\u00eas","description":"Tecnologia enzim\u00e1tica de combust\u00edvel XBEE para reduzir a polui\u00e7\u00e3o e o consumo de combust\u00edvel","publisher":{"@id":"https:\/\/network.xbee.com\/pt\/#organization"},"potentialAction":[{"@type":"SearchAction","target":{"@type":"EntryPoint","urlTemplate":"https:\/\/network.xbee.com\/pt\/?s={search_term_string}"},"query-input":{"@type":"PropertyValueSpecification","valueRequired":true,"valueName":"search_term_string"}}],"inLanguage":"pt-PT"},{"@type":"Organization","@id":"https:\/\/network.xbee.com\/pt\/#organization","name":"Xbee Tecnolog\u00eda de combustible enzim\u00e1tico","url":"https:\/\/network.xbee.com\/pt\/","logo":{"@type":"ImageObject","inLanguage":"pt-PT","@id":"https:\/\/network.xbee.com\/pt\/#\/schema\/logo\/image\/","url":"https:\/\/network.xbee.com\/pt\/wp-content\/uploads\/sites\/39\/2017\/11\/xbee-eft-logo-500x869-1.png","contentUrl":"https:\/\/network.xbee.com\/pt\/wp-content\/uploads\/sites\/39\/2017\/11\/xbee-eft-logo-500x869-1.png","width":500,"height":869,"caption":"Xbee Tecnolog\u00eda de combustible enzim\u00e1tico"},"image":{"@id":"https:\/\/network.xbee.com\/pt\/#\/schema\/logo\/image\/"},"sameAs":["https:\/\/www.facebook.com\/XbeeEnzymeFuelTechnology\/","https:\/\/www.linkedin.com\/in\/xbee-sa\/detail\/recent-activity\/","https:\/\/www.youtube.com\/channel\/UC3wULxm57jiKQ7PMVY016dA"]}]}},"_links":{"self":[{"href":"https:\/\/network.xbee.com\/pt\/wp-json\/wp\/v2\/pages\/5618","targetHints":{"allow":["GET"]}}],"collection":[{"href":"https:\/\/network.xbee.com\/pt\/wp-json\/wp\/v2\/pages"}],"about":[{"href":"https:\/\/network.xbee.com\/pt\/wp-json\/wp\/v2\/types\/page"}],"author":[{"embeddable":true,"href":"https:\/\/network.xbee.com\/pt\/wp-json\/wp\/v2\/users\/37"}],"replies":[{"embeddable":true,"href":"https:\/\/network.xbee.com\/pt\/wp-json\/wp\/v2\/comments?post=5618"}],"version-history":[{"count":5,"href":"https:\/\/network.xbee.com\/pt\/wp-json\/wp\/v2\/pages\/5618\/revisions"}],"predecessor-version":[{"id":6041,"href":"https:\/\/network.xbee.com\/pt\/wp-json\/wp\/v2\/pages\/5618\/revisions\/6041"}],"wp:attachment":[{"href":"https:\/\/network.xbee.com\/pt\/wp-json\/wp\/v2\/media?parent=5618"}],"curies":[{"name":"wp","href":"https:\/\/api.w.org\/{rel}","templated":true}]}}