{"id":297,"date":"2017-09-24T11:52:10","date_gmt":"2017-09-24T10:52:10","guid":{"rendered":"http:\/\/xbee.com\/ptpana\/?page_id=297"},"modified":"2023-06-12T17:13:28","modified_gmt":"2023-06-12T15:13:28","slug":"origem-e-composicao-do-produto","status":"publish","type":"page","link":"https:\/\/network.xbee.com\/pt\/ficha-tecnica\/origem-e-composicao-do-produto\/","title":{"rendered":"Origem e Composi\u00e7\u00e3o do Produto"},"content":{"rendered":"","protected":false},"excerpt":{"rendered":"","protected":false},"author":37,"featured_media":0,"parent":294,"menu_order":1,"comment_status":"closed","ping_status":"closed","template":"","meta":{"footnotes":""},"class_list":["post-297","page","type-page","status-publish","hentry"],"yoast_head":"<!-- This site is optimized with the Yoast SEO plugin v26.8 - https:\/\/yoast.com\/product\/yoast-seo-wordpress\/ -->\n<title>Tecnologia Xbee - Origem e composi\u00e7\u00e3o do aditivo<\/title>\n<meta name=\"description\" content=\"A tecnologia XBEE \u00e9 \u00fanica no seu g\u00e9nero: baseia-se em enzimas amigas do ambiente extra\u00eddas das folhas das \u00e1rvores.\" \/>\n<meta name=\"robots\" content=\"index, follow, max-snippet:-1, max-image-preview:large, max-video-preview:-1\" \/>\n<link rel=\"canonical\" href=\"https:\/\/network.xbee.com\/pt\/ficha-tecnica\/origem-e-composicao-do-produto\/\" \/>\n<meta property=\"og:locale\" content=\"pt_PT\" \/>\n<meta property=\"og:type\" content=\"article\" \/>\n<meta property=\"og:title\" content=\"Tecnologia Xbee - Origem e composi\u00e7\u00e3o do aditivo\" \/>\n<meta property=\"og:description\" content=\"A tecnologia XBEE \u00e9 \u00fanica no seu g\u00e9nero: baseia-se em enzimas amigas do ambiente extra\u00eddas das folhas das \u00e1rvores.\" \/>\n<meta property=\"og:url\" content=\"https:\/\/network.xbee.com\/pt\/ficha-tecnica\/origem-e-composicao-do-produto\/\" \/>\n<meta property=\"og:site_name\" content=\"XBEE Portugu\u00eas\" \/>\n<meta property=\"article:publisher\" content=\"https:\/\/www.facebook.com\/XbeeEnzymeFuelTechnology\/\" \/>\n<meta property=\"article:modified_time\" content=\"2023-06-12T15:13:28+00:00\" \/>\n<meta name=\"twitter:card\" content=\"summary_large_image\" \/>\n<script type=\"application\/ld+json\" class=\"yoast-schema-graph\">{\"@context\":\"https:\/\/schema.org\",\"@graph\":[{\"@type\":\"WebPage\",\"@id\":\"https:\/\/network.xbee.com\/pt\/ficha-tecnica\/origem-e-composicao-do-produto\/\",\"url\":\"https:\/\/network.xbee.com\/pt\/ficha-tecnica\/origem-e-composicao-do-produto\/\",\"name\":\"Tecnologia Xbee - Origem e composi\u00e7\u00e3o do aditivo\",\"isPartOf\":{\"@id\":\"https:\/\/network.xbee.com\/pt\/#website\"},\"datePublished\":\"2017-09-24T10:52:10+00:00\",\"dateModified\":\"2023-06-12T15:13:28+00:00\",\"description\":\"A tecnologia XBEE \u00e9 \u00fanica no seu g\u00e9nero: baseia-se em enzimas amigas do ambiente extra\u00eddas das folhas das \u00e1rvores.\",\"breadcrumb\":{\"@id\":\"https:\/\/network.xbee.com\/pt\/ficha-tecnica\/origem-e-composicao-do-produto\/#breadcrumb\"},\"inLanguage\":\"pt-PT\",\"potentialAction\":[{\"@type\":\"ReadAction\",\"target\":[\"https:\/\/network.xbee.com\/pt\/ficha-tecnica\/origem-e-composicao-do-produto\/\"]}]},{\"@type\":\"BreadcrumbList\",\"@id\":\"https:\/\/network.xbee.com\/pt\/ficha-tecnica\/origem-e-composicao-do-produto\/#breadcrumb\",\"itemListElement\":[{\"@type\":\"ListItem\",\"position\":1,\"name\":\"Inicio\",\"item\":\"https:\/\/network.xbee.com\/pt\/\"},{\"@type\":\"ListItem\",\"position\":2,\"name\":\"Aditivo filtro particulas &#8211; Ficha T\u00e9cnica XBEE\",\"item\":\"https:\/\/network.xbee.com\/pt\/ficha-tecnica\/\"},{\"@type\":\"ListItem\",\"position\":3,\"name\":\"Origem e Composi\u00e7\u00e3o do Produto\"}]},{\"@type\":\"WebSite\",\"@id\":\"https:\/\/network.xbee.com\/pt\/#website\",\"url\":\"https:\/\/network.xbee.com\/pt\/\",\"name\":\"XBEE Portugu\u00eas\",\"description\":\"Tecnologia enzim\u00e1tica de combust\u00edvel XBEE para reduzir a polui\u00e7\u00e3o e o consumo de combust\u00edvel\",\"publisher\":{\"@id\":\"https:\/\/network.xbee.com\/pt\/#organization\"},\"potentialAction\":[{\"@type\":\"SearchAction\",\"target\":{\"@type\":\"EntryPoint\",\"urlTemplate\":\"https:\/\/network.xbee.com\/pt\/?s={search_term_string}\"},\"query-input\":{\"@type\":\"PropertyValueSpecification\",\"valueRequired\":true,\"valueName\":\"search_term_string\"}}],\"inLanguage\":\"pt-PT\"},{\"@type\":\"Organization\",\"@id\":\"https:\/\/network.xbee.com\/pt\/#organization\",\"name\":\"Xbee Tecnolog\u00eda de combustible enzim\u00e1tico\",\"url\":\"https:\/\/network.xbee.com\/pt\/\",\"logo\":{\"@type\":\"ImageObject\",\"inLanguage\":\"pt-PT\",\"@id\":\"https:\/\/network.xbee.com\/pt\/#\/schema\/logo\/image\/\",\"url\":\"https:\/\/network.xbee.com\/pt\/wp-content\/uploads\/sites\/39\/2017\/11\/xbee-eft-logo-500x869-1.png\",\"contentUrl\":\"https:\/\/network.xbee.com\/pt\/wp-content\/uploads\/sites\/39\/2017\/11\/xbee-eft-logo-500x869-1.png\",\"width\":500,\"height\":869,\"caption\":\"Xbee Tecnolog\u00eda de combustible enzim\u00e1tico\"},\"image\":{\"@id\":\"https:\/\/network.xbee.com\/pt\/#\/schema\/logo\/image\/\"},\"sameAs\":[\"https:\/\/www.facebook.com\/XbeeEnzymeFuelTechnology\/\",\"https:\/\/www.linkedin.com\/in\/xbee-sa\/detail\/recent-activity\/\",\"https:\/\/www.youtube.com\/channel\/UC3wULxm57jiKQ7PMVY016dA\"]}]}<\/script>\n<!-- \/ Yoast SEO plugin. -->","yoast_head_json":{"title":"Tecnologia Xbee - Origem e composi\u00e7\u00e3o do aditivo","description":"A tecnologia XBEE \u00e9 \u00fanica no seu g\u00e9nero: baseia-se em enzimas amigas do ambiente extra\u00eddas das folhas das \u00e1rvores.","robots":{"index":"index","follow":"follow","max-snippet":"max-snippet:-1","max-image-preview":"max-image-preview:large","max-video-preview":"max-video-preview:-1"},"canonical":"https:\/\/network.xbee.com\/pt\/ficha-tecnica\/origem-e-composicao-do-produto\/","og_locale":"pt_PT","og_type":"article","og_title":"Tecnologia Xbee - Origem e composi\u00e7\u00e3o do aditivo","og_description":"A tecnologia XBEE \u00e9 \u00fanica no seu g\u00e9nero: baseia-se em enzimas amigas do ambiente extra\u00eddas das folhas das \u00e1rvores.","og_url":"https:\/\/network.xbee.com\/pt\/ficha-tecnica\/origem-e-composicao-do-produto\/","og_site_name":"XBEE Portugu\u00eas","article_publisher":"https:\/\/www.facebook.com\/XbeeEnzymeFuelTechnology\/","article_modified_time":"2023-06-12T15:13:28+00:00","twitter_card":"summary_large_image","schema":{"@context":"https:\/\/schema.org","@graph":[{"@type":"WebPage","@id":"https:\/\/network.xbee.com\/pt\/ficha-tecnica\/origem-e-composicao-do-produto\/","url":"https:\/\/network.xbee.com\/pt\/ficha-tecnica\/origem-e-composicao-do-produto\/","name":"Tecnologia Xbee - Origem e composi\u00e7\u00e3o do aditivo","isPartOf":{"@id":"https:\/\/network.xbee.com\/pt\/#website"},"datePublished":"2017-09-24T10:52:10+00:00","dateModified":"2023-06-12T15:13:28+00:00","description":"A tecnologia XBEE \u00e9 \u00fanica no seu g\u00e9nero: baseia-se em enzimas amigas do ambiente extra\u00eddas das folhas das \u00e1rvores.","breadcrumb":{"@id":"https:\/\/network.xbee.com\/pt\/ficha-tecnica\/origem-e-composicao-do-produto\/#breadcrumb"},"inLanguage":"pt-PT","potentialAction":[{"@type":"ReadAction","target":["https:\/\/network.xbee.com\/pt\/ficha-tecnica\/origem-e-composicao-do-produto\/"]}]},{"@type":"BreadcrumbList","@id":"https:\/\/network.xbee.com\/pt\/ficha-tecnica\/origem-e-composicao-do-produto\/#breadcrumb","itemListElement":[{"@type":"ListItem","position":1,"name":"Inicio","item":"https:\/\/network.xbee.com\/pt\/"},{"@type":"ListItem","position":2,"name":"Aditivo filtro particulas &#8211; Ficha T\u00e9cnica XBEE","item":"https:\/\/network.xbee.com\/pt\/ficha-tecnica\/"},{"@type":"ListItem","position":3,"name":"Origem e Composi\u00e7\u00e3o do Produto"}]},{"@type":"WebSite","@id":"https:\/\/network.xbee.com\/pt\/#website","url":"https:\/\/network.xbee.com\/pt\/","name":"XBEE Portugu\u00eas","description":"Tecnologia enzim\u00e1tica de combust\u00edvel XBEE para reduzir a polui\u00e7\u00e3o e o consumo de combust\u00edvel","publisher":{"@id":"https:\/\/network.xbee.com\/pt\/#organization"},"potentialAction":[{"@type":"SearchAction","target":{"@type":"EntryPoint","urlTemplate":"https:\/\/network.xbee.com\/pt\/?s={search_term_string}"},"query-input":{"@type":"PropertyValueSpecification","valueRequired":true,"valueName":"search_term_string"}}],"inLanguage":"pt-PT"},{"@type":"Organization","@id":"https:\/\/network.xbee.com\/pt\/#organization","name":"Xbee Tecnolog\u00eda de combustible enzim\u00e1tico","url":"https:\/\/network.xbee.com\/pt\/","logo":{"@type":"ImageObject","inLanguage":"pt-PT","@id":"https:\/\/network.xbee.com\/pt\/#\/schema\/logo\/image\/","url":"https:\/\/network.xbee.com\/pt\/wp-content\/uploads\/sites\/39\/2017\/11\/xbee-eft-logo-500x869-1.png","contentUrl":"https:\/\/network.xbee.com\/pt\/wp-content\/uploads\/sites\/39\/2017\/11\/xbee-eft-logo-500x869-1.png","width":500,"height":869,"caption":"Xbee Tecnolog\u00eda de combustible enzim\u00e1tico"},"image":{"@id":"https:\/\/network.xbee.com\/pt\/#\/schema\/logo\/image\/"},"sameAs":["https:\/\/www.facebook.com\/XbeeEnzymeFuelTechnology\/","https:\/\/www.linkedin.com\/in\/xbee-sa\/detail\/recent-activity\/","https:\/\/www.youtube.com\/channel\/UC3wULxm57jiKQ7PMVY016dA"]}]}},"_links":{"self":[{"href":"https:\/\/network.xbee.com\/pt\/wp-json\/wp\/v2\/pages\/297","targetHints":{"allow":["GET"]}}],"collection":[{"href":"https:\/\/network.xbee.com\/pt\/wp-json\/wp\/v2\/pages"}],"about":[{"href":"https:\/\/network.xbee.com\/pt\/wp-json\/wp\/v2\/types\/page"}],"author":[{"embeddable":true,"href":"https:\/\/network.xbee.com\/pt\/wp-json\/wp\/v2\/users\/37"}],"replies":[{"embeddable":true,"href":"https:\/\/network.xbee.com\/pt\/wp-json\/wp\/v2\/comments?post=297"}],"version-history":[{"count":6,"href":"https:\/\/network.xbee.com\/pt\/wp-json\/wp\/v2\/pages\/297\/revisions"}],"predecessor-version":[{"id":6164,"href":"https:\/\/network.xbee.com\/pt\/wp-json\/wp\/v2\/pages\/297\/revisions\/6164"}],"up":[{"embeddable":true,"href":"https:\/\/network.xbee.com\/pt\/wp-json\/wp\/v2\/pages\/294"}],"wp:attachment":[{"href":"https:\/\/network.xbee.com\/pt\/wp-json\/wp\/v2\/media?parent=297"}],"curies":[{"name":"wp","href":"https:\/\/api.w.org\/{rel}","templated":true}]}}